{"id":49,"date":"2011-10-07T19:00:33","date_gmt":"2011-10-07T19:00:33","guid":{"rendered":"http:\/\/mormonengeschichte-de.de.elds.org\/?page_id=49"},"modified":"2012-05-26T08:05:56","modified_gmt":"2012-05-26T08:05:56","slug":"der-glaube-der-mormonen","status":"publish","type":"page","link":"https:\/\/de.elds.org\/mormonengeschichte-de\/der-glaube-der-mormonen","title":{"rendered":"Der Glaube der Mormonen"},"content":{"rendered":"<p><strong>\u00dcberblick \u00fcber Glaubensgrunds\u00e4tze<\/strong><\/p>\n<p>Der Vierte Glaubensartikel \u00a0gibt einen \u00dcberblick \u00fcber Grunds\u00e4tze des \u00a0Mormonischen Glaubens: \u201eDie ersten Grunds\u00e4tze\u00a0 und \u00a0Verordnungen des Evangeliums sind: Glaube in den Herrn \u00a0Jesus Christus, Umkehr, Taufe durch Untertauchen zur S\u00fcndenvergebung, und H\u00e4ndeauflegen f\u00fcr die Gabe des Heiligen Geistes.\u201c<\/p>\n<p><a href=\"http:\/\/de.elds.org\/mormonengeschichte-de\/files\/2011\/10\/christus-jesus-christ-mormon.jpg\"><img fetchpriority=\"high\" fetchpriority=\"high\" decoding=\"async\" class=\"alignright size-medium wp-image-1427\" title=\"christus-jesus-christ-mormon\" src=\"http:\/\/de.elds.org\/mormonengeschichte-de\/files\/2011\/10\/christus-jesus-christ-mormon-300x240.jpg\" alt=\"christus-jesus-christ-mormon\" width=\"300\" height=\"240\" srcset=\"https:\/\/de.elds.org\/mormonengeschichte-de\/files\/2011\/10\/christus-jesus-christ-mormon-300x240.jpg 300w, https:\/\/de.elds.org\/mormonengeschichte-de\/files\/2011\/10\/christus-jesus-christ-mormon.jpg 640w\" sizes=\"(max-width: 300px) 100vw, 300px\" \/><\/a><a href=\"http:\/\/www.die-mormonen.net\/\">Mormonen<\/a> glauben an den gleichen Weg zum ewigen Leben, den \u00a0der Heiland bei seinem irdischen Aufenthalt \u00a0lehrte. Glauben an den Herrn Jesus Christus erm\u00f6glicht den Gl\u00e4ubigen in ihrer Nachfolge zu wachsen und Ihm immer \u00e4hnlicher zu werden. Es ist die Voraussetzung f\u00fcr alle guten Werke und die Bahn zum echten geistigen Wachstum. Es bedeutet, die perfekten Eigenschaften des Heilands anzuerkennen: Seine Allwissenheit, Gnade, Gerechtigkeit und Souver\u00e4nit\u00e4t. Mit Glauben an den Erl\u00f6ser kommt eine Anerkennung unserer Abh\u00e4ngigkeit von Ihm und von Seinem S\u00fchneopfer \u2013 f\u00fcr Erlass unserer S\u00fcnden und f\u00fcr \u00a0Unterhalt, Trost und Sanierung unserer Sorgen. Wir nehmen Sein S\u00fchneopfer an, indem wir aufrichtige Reue empfinden. W\u00e4hrend unserer Umkehr wird \u00a0Seine Gnade es uns erm\u00f6glichen, Schw\u00e4chen zu \u00fcberwinden, von Schmerz und Pr\u00fcfung zu genesen und Frieden und Ruhe in Ihm zu finden. Sogar unsere tiefsten Wunden k\u00f6nnen durch die Macht Seines S\u00fchneopfers \u00a0geheilt werden. Zus\u00e4tzlich,\u00a0 jede oder jeder reum\u00fctige Gl\u00e4ubige wird eine Bereitwilligkeit beweisen wollen, mit dem vorgeschriebenen Muster des Heilands f\u00fcr den Eingang in Sein K\u00f6nigreich einzuwilligen, was zu den Wassern der Taufe f\u00fchrt. Die Taufen werden nach des Herren Vorbild mittels Untertauchen durchgef\u00fchrt, von jemandem, der die Autorit\u00e4t\u00a0 dazu durch das Heilige Priestertum besitzt. \u00a0Nach der Taufe durch Untertauchen wird von einem mit Autorit\u00e4t versehenen durch H\u00e4ndeauflegung \u00a0die Gabe des Heiligen Geistes beschert. Diese Gabe ist ein erh\u00f6htes Ma\u00df des Lichtes\u00a0 Christi, das in jeder\u00a0 Person, die zur Erde kommt, verweilt. Es ist das Recht zur konstanten Gesellschaft des Heiligen Geistes, des dritten Mitgliedes der G\u00f6ttlichkeit. Diese Gabe ist von unsch\u00e4tzbarem Wert, \u00a0da wir \u00a0durch den Heiligen Geist das Verst\u00e4ndnis und den Willen \u00a0Gottes f\u00fcr unseren t\u00e4glichen Weg erhalten und Zutritt \u00a0zu allen geistigen Gaben erlangen, die der Herr seinen w\u00fcrdigen Nachfolgern bereitstellt.<\/p>\n<p><strong>Mormonen und der Sinn des Lebens <\/strong><\/p>\n<p>Mormonen glauben, dass Gott, unser Himmlischer\u00a0 Vater, einen Plan f\u00fcr jeden einzelnen von uns hat.\u00a0 Der Himmlische Vater kennt uns pers\u00f6nlich \u00a0und wird uns \u00a0in unserem \u00a0Leben mit Seiner F\u00fchrung und Weisung beistehen.\u00a0 Wir haben g\u00f6ttliche Bestimmung.\u00a0 Wir wurden hierher gesandt, um K\u00f6rper zu empfangen.\u00a0 Bevor wir zur Erde kamen, waren wir bei unserem Vater im Himmel, ohne K\u00f6rper aus Fleisch und Blut; das hei\u00dft, wir waren geistige Wesen oder die Geisteskinder des Himmlischen Vaters.\u00a0\u00a0 Deshalb ist Gott buchst\u00e4blich unser Vater im Himmel.\u00a0 Wir wurden zu dieser Welt entsandt um Erfahrung zu sammeln, um zu lernen, \u00a0gutes vom \u00a0B\u00f6sen zu unterscheiden, durch unsere Entscheidungen \u00a0zu lernen und zu wachsen,\u00a0 w\u00e4hrend wir \u00a0in diesem Leben \u201eauf andere einwirken und von anderen beeinflusst \u00a0werden\u201c. Wesentlich um Erfahrung zu erlangen ist die Gabe der Selbst\u00e4ndigkeit. Keine Seele wird gezwungen, dem vom Heiland vorgezeigten Weg \u00a0zu folgen. Wegen der Gabe \u00a0der Selbst\u00e4ndigkeit, erleben wir die Folgen unser eigenen Aktionen sowie die Folgen der Aktionen von anderen. Mit einem Schleier der Vergesslichkeit versehen, der unsere \u00a0Erinnerungen an das Leben als die Geisteskinder Gottes fernh\u00e4lt, werden wir aufgerufen, auf der Erde im Glauben zu leben. Wenn wir weise Entscheidungen treffen, verst\u00e4rken wir unseren Glauben und unsere Verpflichtung zu Jesus Christus \u00a0und Er wird uns dann dazu erm\u00e4chtigen, mit Freude erf\u00fcllt \u00a0und \u00a0Ihm immer \u00e4hnlicher zu werden.<\/p>\n<p>Mormonen glauben, dass der Plan des Himmlischen Vaters vor aller Ewigkeit entstand, bevor diese Erde erschaffen wurde. \u00a0Er hat diesen Plan Seinen Kindern auf der Erde durch Seine Propheten \u00a0\u00a0seit dem Anfang der Zeit offenbart.\u00a0 Mormonen glauben, dass alle Propheten, angefangen mit Adam, diesen Plan verstanden und ihn der Menschheit gelehrt haben, einschlie\u00dflich, das ein Retter bereitgestellt w\u00fcrde.\u00a0 Diese Lehre war einst ein Teil des Alten Testaments und befand sich in anderen alten Aufzeichnungen.\u00a0 Deshalb ist das wahre Evangelium sporadisch auf der Erde, gleichg\u00fcltig wo, gefunden worden und wann immer Leute auf die Propheten geh\u00f6rt haben. Das Fehlen von Propheten seit dem Tod der Apostel Christi \u00a0bewirkte die Notwendigkeit, \u00a0das wahre Evangelium wiederherzustellen.\u00a0 Mormonen glauben, dass die Kirche Jesu Christi mit seinen reinen und vollst\u00e4ndigen Lehren, Verordnungen und g\u00f6ttlicher Autorit\u00e4t auf Erden wiederhergestellt wurde, um einen jeden von uns zu helfen, zu Christus zu kommen und in Ihm vervollkommnet zu werden.<\/p>\n<p><strong>Mormonen glauben, dass Joseph Smith die wahre Kirche hier auf Erden wiederhergestellt hat.<\/strong><\/p>\n<p>Die Kirche Jesu Christi wurde durch <a href=\"http:\/\/de.prophetjosephsmith.org\/historischerueberblick\/das_leben_von_joseph_smit\">Joseph Smith<\/a> im Jahre 1820 in ihrer ganzen F\u00fclle wiederhergestellt.\u00a0 Als vierzehnj\u00e4hriger Junge begab sich Joseph Smith in einen Wald in Manchester, New York und betete, um zu wissen, welcher Kirche er beitreten solle.\u00a0 Es war hier, dass Joseph Smith erlebte, was Mormonen \u00a0die \u201eErste Vision\u201c nennen.\u00a0 Himmlischer Vater und Jesus Christus erschienen ihm und sagten ihm, dass er keiner der existierenden Kirchen beitreten solle.\u00a0 Stattdessen solle er die Kirche\u00a0 Jesu Christi wiederherstellen.\u00a0 Durch Anweisung von einem Engel namens Moroni, fand und \u00fcbersetzte \u00a0Joseph Smith dann das <a href=\"http:\/\/buchmormon.com\/\">Buch Mormon<\/a>, eine Aufzeichnung von alten Einwohnern \u00a0Amerikas. Die im Buch Mormon genannten V\u00f6lker waren Nachkommen von Jakob, die\u00a0 zur der Zeit, da Israel nach Babylon in \u00a0Gefangenschaft gef\u00fchrt wurde, Jerusalem verlie\u00dfen.\u00a0 Sie wurden vom Herrn nach Amerika gef\u00fchrt; sie hielten das Gesetz\u00a0 Mose und erwarteten das Kommen des Messias.\u00a0 Ihre Propheten bezeugten, dass Christus\u00a0 von einer Jungfrau geboren w\u00fcrde, und dass Er \u00a0f\u00fcr die S\u00fcnden der Welt gekreuzigt werden w\u00fcrde.\u00a0 Christus besuchte diese V\u00f6lker nach Seiner Auferstehung.<\/p>\n<p>Joseph Smith verbrachte sein Leben als Missionar und als F\u00fchrer und Prophet der Kirche.\u00a0 Die wiederhergestellte <a href=\"http:\/\/www.mormonen.de\/junge-erwachsene\/das-religionsinstitut\/\">Mormonenkirche<\/a> hat den gleichen Lehren und Organisation wie die Kirche, die von Jesus in Zeiten des Neuen Testaments gegr\u00fcndet wurde. Die modernen Propheten haben der Kirche durch Revelationen geholfen, sich an heutige Anspr\u00fcche und Kulturen \u00a0anzupassen.<\/p>\n<p><strong>Zusammenfassung des Mormonischen Glaubens<\/strong><\/p>\n<p>Der Kern des Zeugnisses eines Mitgliedes der Mormonenkirche \u00a0ist \u00a0sein Glaube an Gott, an Jesus Christus, an den Heilige Geist- und die Wiederherstellung der wahren Kirche auf Erden durch Joseph Smith.\u00a0 Ein tiefer Glaube an diese Wahrheiten ist die Grundlage des Zeugnisses von der Mormonenkirche.\u00a0 Mormonen glauben und bem\u00fchen sich, nach den Zehn Geboten und den \u00a0Glaubensartikeln zu leben, die die Basis des Mormonischen Glaubens ausmachen.\u00a0 Weil Mitglieder der Mormonenkirche an einen modernen Propheten\u00a0 glauben, stehen sie allen Enth\u00fcllungen vom Herrn offen, was die \u00c4nderung oder Erweiterung\u00a0 der Kirche betrifft.\u00a0 Die Mitgliedschaft in der Mormonenkirche beeinflusst jeden Aspekt des Lebens seiner Mitglieder.\u00a0 Mormonen folgen dem Wort der Weisheit, einem Gebot, das das Trinken\u00a0 von Alkohol, Kaffee und\u00a0 Tee sowie die Anwendung von Tabak oder\u00a0 illegalen Drogen verbietet.\u00a0 Das Gesetz, der Kirche den Zehnten zu \u00a0spenden wurde erst sp\u00e4ter enth\u00fcllt.\u00a0 Mormonen glauben daran, sich bescheiden zu kleiden.\u00a0 Mormonen unterlassen es, sich am Sonntag mit Freizeitaktivit\u00e4ten oder Eink\u00e4ufen zu besch\u00e4ftigen, um den Sabbat heilig zu halten. \u00a0F\u00fcr jeden, der \u00a0ein wahres und starkes Zeugnis des grundlegenden Glaubens und des \u00a0wahren und wiederhergestellten Evangeliums hat, ist der mormonische Lebensstil leicht einzuhalten.\u00a0 Diese Gebote zu leben und einzuhalten bringt Freude und Best\u00e4ndigkeit, Freiheit und Sicherheit in der Nachfolge Christi.<\/p>\n","protected":false},"excerpt":{"rendered":"<p>\u00dcberblick \u00fcber Glaubensgrunds\u00e4tze Der Vierte Glaubensartikel \u00a0gibt einen \u00dcberblick \u00fcber Grunds\u00e4tze des \u00a0Mormonischen Glaubens: \u201eDie ersten Grunds\u00e4tze\u00a0 und \u00a0Verordnungen des Evangeliums sind: Glaube in den Herrn \u00a0Jesus Christus, Umkehr, Taufe durch Untertauchen zur S\u00fcndenvergebung, und H\u00e4ndeauflegen f\u00fcr die Gabe des Heiligen Geistes.\u201c Mormonen glauben an den gleichen Weg zum ewigen Leben, den \u00a0der Heiland bei [&hellip;]<\/p>\n","protected":false},"author":1,"featured_media":0,"parent":0,"menu_order":3,"comment_status":"open","ping_status":"closed","template":"","meta":{"_et_pb_use_builder":"","_et_pb_old_content":"","_et_gb_content_width":"","_monsterinsights_skip_tracking":false,"_monsterinsights_sitenote_active":false,"_monsterinsights_sitenote_note":"","_monsterinsights_sitenote_category":0,"footnotes":""},"class_list":["post-49","page","type-page","status-publish","hentry"],"yoast_head":"<!-- This site is optimized with the Yoast SEO plugin v27.3 - https:\/\/yoast.com\/product\/yoast-seo-wordpress\/ -->\n<title>Der Glaube der Mormonen - Mormonengeschichte<\/title>\n<meta name=\"robots\" content=\"index, follow, max-snippet:-1, max-image-preview:large, max-video-preview:-1\" \/>\n<link rel=\"canonical\" href=\"https:\/\/de.elds.org\/mormonengeschichte-de\/der-glaube-der-mormonen\" \/>\n<meta property=\"og:locale\" content=\"de_DE\" \/>\n<meta property=\"og:type\" content=\"article\" \/>\n<meta property=\"og:title\" content=\"Der Glaube der Mormonen - Mormonengeschichte\" \/>\n<meta property=\"og:description\" content=\"\u00dcberblick \u00fcber Glaubensgrunds\u00e4tze Der Vierte Glaubensartikel \u00a0gibt einen \u00dcberblick \u00fcber Grunds\u00e4tze des \u00a0Mormonischen Glaubens: \u201eDie ersten Grunds\u00e4tze\u00a0 und \u00a0Verordnungen des Evangeliums sind: Glaube in den Herrn \u00a0Jesus Christus, Umkehr, Taufe durch Untertauchen zur S\u00fcndenvergebung, und H\u00e4ndeauflegen f\u00fcr die Gabe des Heiligen Geistes.\u201c Mormonen glauben an den gleichen Weg zum ewigen Leben, den \u00a0der Heiland bei [&hellip;]\" \/>\n<meta property=\"og:url\" content=\"https:\/\/de.elds.org\/mormonengeschichte-de\/der-glaube-der-mormonen\" \/>\n<meta property=\"og:site_name\" content=\"Mormonengeschichte\" \/>\n<meta property=\"article:modified_time\" content=\"2012-05-26T08:05:56+00:00\" \/>\n<meta property=\"og:image\" content=\"http:\/\/de.elds.org\/mormonengeschichte-de\/files\/2011\/10\/christus-jesus-christ-mormon-300x240.jpg\" \/>\n<meta name=\"twitter:card\" content=\"summary_large_image\" \/>\n<meta name=\"twitter:label1\" content=\"Gesch\u00e4tzte Lesezeit\" \/>\n\t<meta name=\"twitter:data1\" content=\"6 Minuten\" \/>\n<script type=\"application\/ld+json\" class=\"yoast-schema-graph\">{\"@context\":\"https:\\\/\\\/schema.org\",\"@graph\":[{\"@type\":\"WebPage\",\"@id\":\"https:\\\/\\\/de.elds.org\\\/mormonengeschichte-de\\\/der-glaube-der-mormonen\",\"url\":\"https:\\\/\\\/de.elds.org\\\/mormonengeschichte-de\\\/der-glaube-der-mormonen\",\"name\":\"Der Glaube der Mormonen - Mormonengeschichte\",\"isPartOf\":{\"@id\":\"https:\\\/\\\/de.elds.org\\\/mormonengeschichte-de\\\/#website\"},\"primaryImageOfPage\":{\"@id\":\"https:\\\/\\\/de.elds.org\\\/mormonengeschichte-de\\\/der-glaube-der-mormonen#primaryimage\"},\"image\":{\"@id\":\"https:\\\/\\\/de.elds.org\\\/mormonengeschichte-de\\\/der-glaube-der-mormonen#primaryimage\"},\"thumbnailUrl\":\"http:\\\/\\\/de.elds.org\\\/mormonengeschichte-de\\\/files\\\/2011\\\/10\\\/christus-jesus-christ-mormon-300x240.jpg\",\"datePublished\":\"2011-10-07T19:00:33+00:00\",\"dateModified\":\"2012-05-26T08:05:56+00:00\",\"breadcrumb\":{\"@id\":\"https:\\\/\\\/de.elds.org\\\/mormonengeschichte-de\\\/der-glaube-der-mormonen#breadcrumb\"},\"inLanguage\":\"de-AT\",\"potentialAction\":[{\"@type\":\"ReadAction\",\"target\":[\"https:\\\/\\\/de.elds.org\\\/mormonengeschichte-de\\\/der-glaube-der-mormonen\"]}]},{\"@type\":\"ImageObject\",\"inLanguage\":\"de-AT\",\"@id\":\"https:\\\/\\\/de.elds.org\\\/mormonengeschichte-de\\\/der-glaube-der-mormonen#primaryimage\",\"url\":\"http:\\\/\\\/de.elds.org\\\/mormonengeschichte-de\\\/files\\\/2011\\\/10\\\/christus-jesus-christ-mormon-300x240.jpg\",\"contentUrl\":\"http:\\\/\\\/de.elds.org\\\/mormonengeschichte-de\\\/files\\\/2011\\\/10\\\/christus-jesus-christ-mormon-300x240.jpg\"},{\"@type\":\"BreadcrumbList\",\"@id\":\"https:\\\/\\\/de.elds.org\\\/mormonengeschichte-de\\\/der-glaube-der-mormonen#breadcrumb\",\"itemListElement\":[{\"@type\":\"ListItem\",\"position\":1,\"name\":\"Home\",\"item\":\"https:\\\/\\\/de.elds.org\\\/mormonengeschichte-de\\\/\"},{\"@type\":\"ListItem\",\"position\":2,\"name\":\"Der Glaube der Mormonen\"}]},{\"@type\":\"WebSite\",\"@id\":\"https:\\\/\\\/de.elds.org\\\/mormonengeschichte-de\\\/#website\",\"url\":\"https:\\\/\\\/de.elds.org\\\/mormonengeschichte-de\\\/\",\"name\":\"Mormonengeschichte\",\"description\":\"\",\"potentialAction\":[{\"@type\":\"SearchAction\",\"target\":{\"@type\":\"EntryPoint\",\"urlTemplate\":\"https:\\\/\\\/de.elds.org\\\/mormonengeschichte-de\\\/?s={search_term_string}\"},\"query-input\":{\"@type\":\"PropertyValueSpecification\",\"valueRequired\":true,\"valueName\":\"search_term_string\"}}],\"inLanguage\":\"de-AT\"}]}<\/script>\n<!-- \/ Yoast SEO plugin. -->","yoast_head_json":{"title":"Der Glaube der Mormonen - Mormonengeschichte","robots":{"index":"index","follow":"follow","max-snippet":"max-snippet:-1","max-image-preview":"max-image-preview:large","max-video-preview":"max-video-preview:-1"},"canonical":"https:\/\/de.elds.org\/mormonengeschichte-de\/der-glaube-der-mormonen","og_locale":"de_DE","og_type":"article","og_title":"Der Glaube der Mormonen - Mormonengeschichte","og_description":"\u00dcberblick \u00fcber Glaubensgrunds\u00e4tze Der Vierte Glaubensartikel \u00a0gibt einen \u00dcberblick \u00fcber Grunds\u00e4tze des \u00a0Mormonischen Glaubens: \u201eDie ersten Grunds\u00e4tze\u00a0 und \u00a0Verordnungen des Evangeliums sind: Glaube in den Herrn \u00a0Jesus Christus, Umkehr, Taufe durch Untertauchen zur S\u00fcndenvergebung, und H\u00e4ndeauflegen f\u00fcr die Gabe des Heiligen Geistes.\u201c Mormonen glauben an den gleichen Weg zum ewigen Leben, den \u00a0der Heiland bei [&hellip;]","og_url":"https:\/\/de.elds.org\/mormonengeschichte-de\/der-glaube-der-mormonen","og_site_name":"Mormonengeschichte","article_modified_time":"2012-05-26T08:05:56+00:00","og_image":[{"url":"http:\/\/de.elds.org\/mormonengeschichte-de\/files\/2011\/10\/christus-jesus-christ-mormon-300x240.jpg","type":"","width":"","height":""}],"twitter_card":"summary_large_image","twitter_misc":{"Gesch\u00e4tzte Lesezeit":"6 Minuten"},"schema":{"@context":"https:\/\/schema.org","@graph":[{"@type":"WebPage","@id":"https:\/\/de.elds.org\/mormonengeschichte-de\/der-glaube-der-mormonen","url":"https:\/\/de.elds.org\/mormonengeschichte-de\/der-glaube-der-mormonen","name":"Der Glaube der Mormonen - Mormonengeschichte","isPartOf":{"@id":"https:\/\/de.elds.org\/mormonengeschichte-de\/#website"},"primaryImageOfPage":{"@id":"https:\/\/de.elds.org\/mormonengeschichte-de\/der-glaube-der-mormonen#primaryimage"},"image":{"@id":"https:\/\/de.elds.org\/mormonengeschichte-de\/der-glaube-der-mormonen#primaryimage"},"thumbnailUrl":"http:\/\/de.elds.org\/mormonengeschichte-de\/files\/2011\/10\/christus-jesus-christ-mormon-300x240.jpg","datePublished":"2011-10-07T19:00:33+00:00","dateModified":"2012-05-26T08:05:56+00:00","breadcrumb":{"@id":"https:\/\/de.elds.org\/mormonengeschichte-de\/der-glaube-der-mormonen#breadcrumb"},"inLanguage":"de-AT","potentialAction":[{"@type":"ReadAction","target":["https:\/\/de.elds.org\/mormonengeschichte-de\/der-glaube-der-mormonen"]}]},{"@type":"ImageObject","inLanguage":"de-AT","@id":"https:\/\/de.elds.org\/mormonengeschichte-de\/der-glaube-der-mormonen#primaryimage","url":"http:\/\/de.elds.org\/mormonengeschichte-de\/files\/2011\/10\/christus-jesus-christ-mormon-300x240.jpg","contentUrl":"http:\/\/de.elds.org\/mormonengeschichte-de\/files\/2011\/10\/christus-jesus-christ-mormon-300x240.jpg"},{"@type":"BreadcrumbList","@id":"https:\/\/de.elds.org\/mormonengeschichte-de\/der-glaube-der-mormonen#breadcrumb","itemListElement":[{"@type":"ListItem","position":1,"name":"Home","item":"https:\/\/de.elds.org\/mormonengeschichte-de\/"},{"@type":"ListItem","position":2,"name":"Der Glaube der Mormonen"}]},{"@type":"WebSite","@id":"https:\/\/de.elds.org\/mormonengeschichte-de\/#website","url":"https:\/\/de.elds.org\/mormonengeschichte-de\/","name":"Mormonengeschichte","description":"","potentialAction":[{"@type":"SearchAction","target":{"@type":"EntryPoint","urlTemplate":"https:\/\/de.elds.org\/mormonengeschichte-de\/?s={search_term_string}"},"query-input":{"@type":"PropertyValueSpecification","valueRequired":true,"valueName":"search_term_string"}}],"inLanguage":"de-AT"}]}},"_links":{"self":[{"href":"https:\/\/de.elds.org\/mormonengeschichte-de\/wp-json\/wp\/v2\/pages\/49","targetHints":{"allow":["GET"]}}],"collection":[{"href":"https:\/\/de.elds.org\/mormonengeschichte-de\/wp-json\/wp\/v2\/pages"}],"about":[{"href":"https:\/\/de.elds.org\/mormonengeschichte-de\/wp-json\/wp\/v2\/types\/page"}],"author":[{"embeddable":true,"href":"https:\/\/de.elds.org\/mormonengeschichte-de\/wp-json\/wp\/v2\/users\/1"}],"replies":[{"embeddable":true,"href":"https:\/\/de.elds.org\/mormonengeschichte-de\/wp-json\/wp\/v2\/comments?post=49"}],"version-history":[{"count":5,"href":"https:\/\/de.elds.org\/mormonengeschichte-de\/wp-json\/wp\/v2\/pages\/49\/revisions"}],"predecessor-version":[{"id":1429,"href":"https:\/\/de.elds.org\/mormonengeschichte-de\/wp-json\/wp\/v2\/pages\/49\/revisions\/1429"}],"wp:attachment":[{"href":"https:\/\/de.elds.org\/mormonengeschichte-de\/wp-json\/wp\/v2\/media?parent=49"}],"curies":[{"name":"wp","href":"https:\/\/api.w.org\/{rel}","templated":true}]}}